{"id":356117,"date":"2022-02-16T15:04:26","date_gmt":"2022-02-16T14:04:26","guid":{"rendered":"https:\/\/aldente.dkonto.pl\/special-offers\/"},"modified":"2025-10-12T17:22:42","modified_gmt":"2025-10-12T15:22:42","slug":"special-offers","status":"publish","type":"page","link":"https:\/\/aldente.com.pl\/en\/special-offers\/","title":{"rendered":"Special Offers"},"content":{"rendered":"<p>[et_pb_section fb_built=&#8221;1&#8243; admin_label=&#8221;Feature&#8221; _builder_version=&#8221;4.16&#8243; background_color=&#8221;#faf9f6&#8243; custom_padding=&#8221;1px|||||&#8221; da_disable_devices=&#8221;off|off|off&#8221; locked=&#8221;off&#8221; global_colors_info=&#8221;{}&#8221; da_is_popup=&#8221;off&#8221; da_exit_intent=&#8221;off&#8221; da_has_close=&#8221;on&#8221; da_alt_close=&#8221;off&#8221; da_dark_close=&#8221;off&#8221; da_not_modal=&#8221;on&#8221; da_is_singular=&#8221;off&#8221; da_with_loader=&#8221;off&#8221; da_has_shadow=&#8221;on&#8221;][et_pb_row _builder_version=&#8221;4.16&#8243; custom_margin=&#8221;5%||||false|false&#8221; locked=&#8221;off&#8221; global_colors_info=&#8221;{}&#8221;][et_pb_column type=&#8221;4_4&#8243; _builder_version=&#8221;4.16&#8243; global_colors_info=&#8221;{}&#8221;][et_pb_text _builder_version=&#8221;4.24.3&#8243; text_text_color=&#8221;rgba(255,207,154,0.7)&#8221; text_font_size=&#8221;16px&#8221; text_line_height=&#8221;1.8em&#8221; header_2_font=&#8221;Raleway||||||||&#8221; header_2_text_color=&#8221;#000000&#8243; header_2_font_size=&#8221;3vw&#8221; header_2_line_height=&#8221;0.9em&#8221; background_layout=&#8221;dark&#8221; header_2_font_size_tablet=&#8221;70px&#8221; header_2_font_size_phone=&#8221;50px&#8221; header_2_font_size_last_edited=&#8221;on|phone&#8221; locked=&#8221;off&#8221; global_colors_info=&#8221;{}&#8221;]<\/p>\n<h2 style=\"text-align: center;\">Special Offers<\/h2>\n<p>[\/et_pb_text][\/et_pb_column][\/et_pb_row][et_pb_row column_structure=&#8221;1_2,1_2&#8243; make_equal=&#8221;on&#8221; _builder_version=&#8221;4.18.1&#8243; width=&#8221;60%&#8221; width_tablet=&#8221;60%&#8221; width_phone=&#8221;60%&#8221; width_last_edited=&#8221;on|phone&#8221; max_width=&#8221;100%&#8221; global_colors_info=&#8221;{}&#8221;][et_pb_column type=&#8221;1_2&#8243; _builder_version=&#8221;4.16&#8243; border_width_all=&#8221;2px&#8221; border_color_all=&#8221;#ffcf9a&#8221; global_colors_info=&#8221;{}&#8221;][et_pb_image src=&#8221;https:\/\/aldente.com.pl\/wp-content\/uploads\/2023\/10\/Projekt-bez-nazwy-9.png&#8221; title_text=&#8221;Projekt bez nazwy (9)&#8221; show_in_lightbox=&#8221;on&#8221; align=&#8221;center&#8221; _builder_version=&#8221;4.18.1&#8243; z_index=&#8221;0&#8243; max_width=&#8221;95%&#8221; max_width_phone=&#8221;150px&#8221; max_width_last_edited=&#8221;off|desktop&#8221; custom_margin=&#8221;27px|-30px|27px|-30px|true|true&#8221; locked=&#8221;off&#8221; global_colors_info=&#8221;{}&#8221;][\/et_pb_image][\/et_pb_column][et_pb_column type=&#8221;1_2&#8243; _builder_version=&#8221;4.16&#8243; border_width_all=&#8221;2px&#8221; border_color_all=&#8221;#ffcf9a&#8221; global_colors_info=&#8221;{}&#8221;][et_pb_image src=&#8221;https:\/\/aldente.com.pl\/wp-content\/uploads\/2023\/01\/swieze-744\u00d71049-px-1.png&#8221; title_text=&#8221;\u015bwie\u017ce (744\u00d71049 px) (1)&#8221; show_in_lightbox=&#8221;on&#8221; align=&#8221;center&#8221; _builder_version=&#8221;4.18.1&#8243; z_index=&#8221;0&#8243; max_width=&#8221;95%&#8221; max_width_phone=&#8221;150px&#8221; max_width_last_edited=&#8221;off|desktop&#8221; custom_margin=&#8221;27px|-30px|27px|-30px|true|true&#8221; locked=&#8221;off&#8221; global_colors_info=&#8221;{}&#8221;][\/et_pb_image][\/et_pb_column][\/et_pb_row][et_pb_row column_structure=&#8221;1_2,1_2&#8243; make_equal=&#8221;on&#8221; _builder_version=&#8221;4.16&#8243; width=&#8221;60%&#8221; width_tablet=&#8221;60%&#8221; width_phone=&#8221;60%&#8221; width_last_edited=&#8221;on|phone&#8221; max_width=&#8221;100%&#8221; global_colors_info=&#8221;{}&#8221;][et_pb_column type=&#8221;1_2&#8243; _builder_version=&#8221;4.16&#8243; border_width_all=&#8221;2px&#8221; border_color_all=&#8221;#ffcf9a&#8221; global_colors_info=&#8221;{}&#8221;][et_pb_image title_text=&#8221;Projekt bez nazwy (10)&#8221; show_in_lightbox=&#8221;on&#8221; align=&#8221;center&#8221; _builder_version=&#8221;4.24.3&#8243; z_index=&#8221;0&#8243; max_width=&#8221;95%&#8221; max_width_phone=&#8221;150px&#8221; max_width_last_edited=&#8221;off|desktop&#8221; custom_margin=&#8221;27px|-30px|27px|-30px|true|true&#8221; hover_enabled=&#8221;0&#8243; locked=&#8221;off&#8221; global_colors_info=&#8221;{}&#8221; sticky_enabled=&#8221;0&#8243;][\/et_pb_image][\/et_pb_column][et_pb_column type=&#8221;1_2&#8243; _builder_version=&#8221;4.16&#8243; border_width_all=&#8221;2px&#8221; border_color_all=&#8221;#ffcf9a&#8221; global_colors_info=&#8221;{}&#8221;][et_pb_image src=&#8221;https:\/\/aldente.com.pl\/wp-content\/uploads\/2023\/11\/Kopia-Kopia-pomaranczowa-sroda-744-x-1049-px.png&#8221; title_text=&#8221;Kopia Kopia pomara\u0144czowa \u015broda (744 x 1049 px)&#8221; show_in_lightbox=&#8221;on&#8221; align=&#8221;center&#8221; _builder_version=&#8221;4.18.1&#8243; z_index=&#8221;0&#8243; max_width=&#8221;95%&#8221; max_width_phone=&#8221;150px&#8221; max_width_last_edited=&#8221;off|desktop&#8221; custom_margin=&#8221;27px|-30px|27px|-30px|true|true&#8221; locked=&#8221;off&#8221; global_colors_info=&#8221;{}&#8221;][\/et_pb_image][\/et_pb_column][\/et_pb_row][et_pb_row _builder_version=&#8221;4.16&#8243; custom_margin=&#8221;5%||||false|false&#8221; locked=&#8221;off&#8221; global_colors_info=&#8221;{}&#8221;][et_pb_column type=&#8221;4_4&#8243; _builder_version=&#8221;4.16&#8243; global_colors_info=&#8221;{}&#8221;][et_pb_text disabled_on=&#8221;off|off|off&#8221; _builder_version=&#8221;4.24.3&#8243; text_text_color=&#8221;rgba(255,207,154,0.7)&#8221; text_font_size=&#8221;16px&#8221; text_line_height=&#8221;1.8em&#8221; header_2_font=&#8221;Raleway||||||||&#8221; header_2_text_color=&#8221;#000000&#8243; header_2_font_size=&#8221;3vw&#8221; header_2_line_height=&#8221;0.9em&#8221; background_layout=&#8221;dark&#8221; header_2_font_size_tablet=&#8221;70px&#8221; header_2_font_size_phone=&#8221;40px&#8221; header_2_font_size_last_edited=&#8221;on|phone&#8221; locked=&#8221;off&#8221; global_colors_info=&#8221;{}&#8221;]<\/p>\n<h2 style=\"text-align: center;\">It&#8217;s Lunch Time<\/h2>\n<p>[\/et_pb_text][\/et_pb_column][\/et_pb_row][et_pb_row custom_padding_last_edited=&#8221;on|phone&#8221; disabled_on=&#8221;off|off|off&#8221; _builder_version=&#8221;4.24.3&#8243; width=&#8221;62%&#8221; max_width=&#8221;100%&#8221; custom_margin=&#8221;0px||||false|false&#8221; custom_padding=&#8221;0px||||false|false&#8221; custom_padding_tablet=&#8221;0px||||false|false&#8221; custom_padding_phone=&#8221;|||0px|false|false&#8221; border_width_all=&#8221;1px&#8221; border_color_all=&#8221;#f26436&#8243; global_colors_info=&#8221;{}&#8221;][et_pb_column type=&#8221;4_4&#8243; _builder_version=&#8221;4.16&#8243; custom_padding=&#8221;||||false|false&#8221; custom_padding_tablet=&#8221;0px||||false|false&#8221; custom_padding_phone=&#8221;&#8221; custom_padding_last_edited=&#8221;on|phone&#8221; global_colors_info=&#8221;{}&#8221;][et_pb_text _builder_version=&#8221;4.24.3&#8243; text_text_color=&#8221;rgba(255,207,154,0.7)&#8221; text_font_size=&#8221;16px&#8221; text_line_height=&#8221;1.8em&#8221; header_2_font=&#8221;Raleway||||||||&#8221; header_2_text_color=&#8221;#FFFFFF&#8221; header_2_font_size=&#8221;30px&#8221; header_2_line_height=&#8221;0.9em&#8221; background_color=&#8221;#f26436&#8243; use_background_color_gradient=&#8221;on&#8221; background_color_gradient_direction=&#8221;360deg&#8221; background_color_gradient_stops=&#8221;#f26436 0%|#f29c80 100%&#8221; background_color_gradient_start=&#8221;#f26436&#8243; background_color_gradient_end=&#8221;#f29c80&#8243; background_layout=&#8221;dark&#8221; custom_margin=&#8221;0px||||false|false&#8221; custom_padding=&#8221;2%||2%||true|false&#8221; header_2_font_size_tablet=&#8221;70px&#8221; header_2_font_size_phone=&#8221;30px&#8221; header_2_font_size_last_edited=&#8221;on|phone&#8221; locked=&#8221;off&#8221; global_colors_info=&#8221;{}&#8221;]<\/p>\n<h2 style=\"text-align: center;\">Lunch Menu<\/h2>\n<p>[\/et_pb_text][dsm_text_divider header=&#8221;39,9 PLN&#8221; color=&#8221;#f26436&#8243; _builder_version=&#8221;4.24.3&#8243; _module_preset=&#8221;default&#8221; header_font=&#8221;Raleway|600|||||||&#8221; header_text_color=&#8221;#000000&#8243; header_font_size=&#8221;24px&#8221; custom_margin=&#8221;10px||10px||true|false&#8221; custom_padding=&#8221;20px||20px||true|false&#8221; global_colors_info=&#8221;{}&#8221;][\/dsm_text_divider][et_pb_text _builder_version=&#8221;4.24.3&#8243; text_font=&#8221;Raleway||||||||&#8221; text_text_color=&#8221;rgba(255,207,154,0.7)&#8221; text_line_height=&#8221;1.2em&#8221; header_font=&#8221;||on||||||&#8221; header_text_color=&#8221;#000000&#8243; header_font_size=&#8221;20px&#8221; header_2_font=&#8221;Raleway||||||||&#8221; header_2_text_color=&#8221;#ffebd6&#8243; header_2_font_size=&#8221;50px&#8221; header_2_line_height=&#8221;1.2em&#8221; header_3_font=&#8221;|700||on|||||&#8221; header_3_text_color=&#8221;#ffcf9a&#8221; header_3_font_size=&#8221;14px&#8221; header_3_letter_spacing=&#8221;2px&#8221; header_3_line_height=&#8221;1.2em&#8221; header_5_font=&#8221;|700||on|||||&#8221; header_5_text_color=&#8221;#ffcf9a&#8221; header_5_font_size=&#8221;14px&#8221; header_5_letter_spacing=&#8221;2px&#8221; header_5_line_height=&#8221;1.2em&#8221; text_orientation=&#8221;justified&#8221; background_layout=&#8221;dark&#8221; header_2_font_size_tablet=&#8221;40px&#8221; header_2_font_size_phone=&#8221;30px&#8221; header_2_font_size_last_edited=&#8221;on|phone&#8221; border_color_all=&#8221;#ffcf9a&#8221; locked=&#8221;off&#8221; global_colors_info=&#8221;{}&#8221;]<\/p>\n<h1 align=\"center\">Lunch menu is available Monday to Friday from 12:00 to 15:00.<\/h1>\n<h1 style=\"text-align: center;\">Ask our staff about today&#8217;s lunch.<\/h1>\n<p>[\/et_pb_text][\/et_pb_column][\/et_pb_row][\/et_pb_section][et_pb_section fb_built=&#8221;1&#8243; _builder_version=&#8221;4.16&#8243; _module_preset=&#8221;default&#8221; background_color=&#8221;#160b00&#8243; da_disable_devices=&#8221;off|off|off&#8221; global_colors_info=&#8221;{}&#8221; da_is_popup=&#8221;off&#8221; da_exit_intent=&#8221;off&#8221; da_has_close=&#8221;on&#8221; da_alt_close=&#8221;off&#8221; da_dark_close=&#8221;off&#8221; da_not_modal=&#8221;on&#8221; da_is_singular=&#8221;off&#8221; da_with_loader=&#8221;off&#8221; da_has_shadow=&#8221;on&#8221;][et_pb_row custom_padding_last_edited=&#8221;on|phone&#8221; _builder_version=&#8221;4.16&#8243; max_width=&#8221;100%&#8221; custom_margin=&#8221;0px||||false|false&#8221; custom_padding=&#8221;0px||||false|false&#8221; custom_padding_tablet=&#8221;0px||||false|false&#8221; custom_padding_phone=&#8221;|||0px|false|false&#8221; border_color_all=&#8221;#ffcf9a&#8221; global_colors_info=&#8221;{}&#8221;][et_pb_column type=&#8221;4_4&#8243; _builder_version=&#8221;4.16&#8243; custom_padding=&#8221;||||false|false&#8221; custom_padding_tablet=&#8221;0px||||false|false&#8221; custom_padding_phone=&#8221;&#8221; custom_padding_last_edited=&#8221;on|phone&#8221; global_colors_info=&#8221;{}&#8221;][et_pb_text _builder_version=&#8221;4.24.3&#8243; text_text_color=&#8221;rgba(255,207,154,0.7)&#8221; text_font_size=&#8221;16px&#8221; text_line_height=&#8221;1.8em&#8221; header_2_font=&#8221;Raleway||||||||&#8221; header_2_text_color=&#8221;#ffebd6&#8243; header_2_font_size=&#8221;2vw&#8221; header_2_line_height=&#8221;0.9em&#8221; background_enable_color=&#8221;off&#8221; background_layout=&#8221;dark&#8221; custom_margin=&#8221;0px||||false|false&#8221; custom_padding=&#8221;||||true|false&#8221; header_2_font_size_tablet=&#8221;70px&#8221; header_2_font_size_phone=&#8221;30px&#8221; header_2_font_size_last_edited=&#8221;on|phone&#8221; locked=&#8221;off&#8221; global_colors_info=&#8221;{}&#8221;]<\/p>\n<h2 style=\"text-align: center;\">OUR LOYALTY CARD<\/h2>\n<p>[\/et_pb_text][dipl_separator separator_type=&#8221;dipl_shadow&#8221; separator_color=&#8221;#ffebd6&#8243; _builder_version=&#8221;4.16&#8243; _module_preset=&#8221;default&#8221; custom_margin=&#8221;-12px||||false|false&#8221; custom_padding=&#8221;0px||||false|false&#8221; global_colors_info=&#8221;{}&#8221;][\/dipl_separator][et_pb_text _builder_version=&#8221;4.24.3&#8243; text_font=&#8221;Raleway||||||||&#8221; text_text_color=&#8221;rgba(255,207,154,0.7)&#8221; text_line_height=&#8221;1.2em&#8221; header_font_size=&#8221;20px&#8221; header_line_height=&#8221;2em&#8221; header_2_font=&#8221;Raleway||||||||&#8221; header_2_text_color=&#8221;#ffebd6&#8243; header_2_font_size=&#8221;50px&#8221; header_2_line_height=&#8221;1.2em&#8221; header_3_font=&#8221;|700||on|||||&#8221; header_3_text_color=&#8221;#ffcf9a&#8221; header_3_font_size=&#8221;14px&#8221; header_3_letter_spacing=&#8221;2px&#8221; header_3_line_height=&#8221;1.2em&#8221; header_5_font=&#8221;|700||on|||||&#8221; header_5_text_color=&#8221;#ffcf9a&#8221; header_5_font_size=&#8221;14px&#8221; header_5_letter_spacing=&#8221;2px&#8221; header_5_line_height=&#8221;1.2em&#8221; text_orientation=&#8221;justified&#8221; background_layout=&#8221;dark&#8221; header_2_font_size_tablet=&#8221;40px&#8221; header_2_font_size_phone=&#8221;30px&#8221; header_2_font_size_last_edited=&#8221;on|phone&#8221; border_color_all=&#8221;#ffcf9a&#8221; locked=&#8221;off&#8221; global_colors_info=&#8221;{}&#8221;]<\/p>\n<h1 align=\"center\">Our Loyalty Card gives you <em><br \/>\n  <strong>13%<\/strong><br \/>\n<\/em> constant discount at our restaurant. In order to receive your personal Loyalty Card you need to collect 8 receipts issued by our restaurant on different days for at least 159 z\u0142 each (after discounts) and show them to our staff.<\/h1>\n<p>[\/et_pb_text][\/et_pb_column][\/et_pb_row][\/et_pb_section]<\/p>\n","protected":false},"excerpt":{"rendered":"<p>Special OffersIt&#8217;s Lunch TimeLunch Menu<div class=\"et_pb_module dsm_text_divider dsm_text_divider_0\">\n\t\t\t\t\n\t\t\t\t\n\t\t\t\t\n\t\t\t\t\n\t\t\t\t\n\t\t\t\t\n\t\t\t\t<div class=\"et_pb_module_inner\">\n\t\t\t\t\t<div class=\"dsm-text-divider-wrapper dsm-text-divider-align-center et_pb_bg_layout_light\">\n\t\t\t\t\n\t\t\t\t\n\t\t\t\t<div class=\"dsm-text-divider-before dsm-divider\"><\/div>\n\t\t\t\t<h3 class=\"dsm-text-divider-header et_pb_module_header\"><span>39,9 PLN<\/span><\/h3>\n\t\t\t\t<div class=\"dsm-text-divider-after dsm-divider\"><\/div>\n\t\t\t<\/div>\n\t\t\t\t<\/div>\n\t\t\t<\/div>Lunch menu is available Monday to Friday from 12:00 to 15:00. Ask our staff about today&#8217;s lunch.OUR LOYALTY CARD<div class=\"et_pb_module dipl_separator dipl_separator_0\">\n\t\t\t\t\n\t\t\t\t\n\t\t\t\t\n\t\t\t\t\n\t\t\t\t\n\t\t\t\t\n\t\t\t\t<div class=\"et_pb_module_inner\">\n\t\t\t\t\t<div class=\"dipl_shadow\"><\/div>\n\t\t\t\t<\/div>\n\t\t\t<\/div>Our Loyalty Card gives you 13% constant discount at our restaurant. In order to receive your personal Loyalty Card you need to collect 8 receipts issued by our restaurant on different days for at least 159 z\u0142 each (after discounts) and show them to our staff.<\/p>\n","protected":false},"author":2,"featured_media":0,"parent":0,"menu_order":0,"comment_status":"closed","ping_status":"closed","template":"","meta":{"_et_pb_use_builder":"on","_et_pb_old_content":"","_et_gb_content_width":"","footnotes":""},"class_list":["post-356117","page","type-page","status-publish","hentry"],"_links":{"self":[{"href":"https:\/\/aldente.com.pl\/en\/wp-json\/wp\/v2\/pages\/356117","targetHints":{"allow":["GET"]}}],"collection":[{"href":"https:\/\/aldente.com.pl\/en\/wp-json\/wp\/v2\/pages"}],"about":[{"href":"https:\/\/aldente.com.pl\/en\/wp-json\/wp\/v2\/types\/page"}],"author":[{"embeddable":true,"href":"https:\/\/aldente.com.pl\/en\/wp-json\/wp\/v2\/users\/2"}],"replies":[{"embeddable":true,"href":"https:\/\/aldente.com.pl\/en\/wp-json\/wp\/v2\/comments?post=356117"}],"version-history":[{"count":6,"href":"https:\/\/aldente.com.pl\/en\/wp-json\/wp\/v2\/pages\/356117\/revisions"}],"predecessor-version":[{"id":359735,"href":"https:\/\/aldente.com.pl\/en\/wp-json\/wp\/v2\/pages\/356117\/revisions\/359735"}],"wp:attachment":[{"href":"https:\/\/aldente.com.pl\/en\/wp-json\/wp\/v2\/media?parent=356117"}],"curies":[{"name":"wp","href":"https:\/\/api.w.org\/{rel}","templated":true}]}}