{"id":356151,"date":"2022-02-16T15:29:26","date_gmt":"2022-02-16T14:29:26","guid":{"rendered":"https:\/\/aldente.dkonto.pl\/contact\/"},"modified":"2023-08-24T07:46:33","modified_gmt":"2023-08-24T05:46:33","slug":"contact","status":"publish","type":"page","link":"https:\/\/aldente.com.pl\/en\/contact\/","title":{"rendered":"Contact"},"content":{"rendered":"<p>[et_pb_section fb_built=&#8221;1&#8243; admin_label=&#8221;Feature&#8221; _builder_version=&#8221;4.16&#8243; background_color=&#8221;#faf9f6&#8243; custom_margin=&#8221;||0px||false|false&#8221; custom_padding=&#8221;1px||0px||false|false&#8221; locked=&#8221;off&#8221; global_colors_info=&#8221;{}&#8221; da_is_popup=&#8221;off&#8221; da_exit_intent=&#8221;off&#8221; da_has_close=&#8221;on&#8221; da_alt_close=&#8221;off&#8221; da_dark_close=&#8221;off&#8221; da_not_modal=&#8221;on&#8221; da_is_singular=&#8221;off&#8221; da_with_loader=&#8221;off&#8221; da_has_shadow=&#8221;on&#8221; da_disable_devices=&#8221;off|off|off&#8221;][et_pb_row _builder_version=&#8221;4.16&#8243; custom_margin=&#8221;5%||||false|false&#8221; locked=&#8221;off&#8221; global_colors_info=&#8221;{}&#8221;][et_pb_column type=&#8221;4_4&#8243; _builder_version=&#8221;4.16&#8243; global_colors_info=&#8221;{}&#8221;][et_pb_text _builder_version=&#8221;4.16&#8243; text_text_color=&#8221;rgba(255,207,154,0.7)&#8221; text_font_size=&#8221;16px&#8221; text_line_height=&#8221;1.8em&#8221; header_2_font=&#8221;Raleway||||||||&#8221; header_2_text_color=&#8221;#000000&#8243; header_2_font_size=&#8221;3vw&#8221; header_2_line_height=&#8221;0.9em&#8221; background_layout=&#8221;dark&#8221; header_2_font_size_tablet=&#8221;70px&#8221; header_2_font_size_phone=&#8221;50px&#8221; header_2_font_size_last_edited=&#8221;on|phone&#8221; locked=&#8221;off&#8221; global_colors_info=&#8221;{}&#8221;]<\/p>\n<h2 style=\"text-align: center;\">Contact<\/h2>\n<p>[\/et_pb_text][\/et_pb_column][\/et_pb_row][et_pb_row column_structure=&#8221;1_4,1_4,1_2&#8243; _builder_version=&#8221;4.16&#8243; width=&#8221;90%&#8221; max_width=&#8221;100%&#8221; global_colors_info=&#8221;{}&#8221;][et_pb_column type=&#8221;1_4&#8243; _builder_version=&#8221;4.16&#8243; custom_padding=&#8221;6%||||false|false&#8221; custom_padding_tablet=&#8221;0px||||false|false&#8221; custom_padding_phone=&#8221;&#8221; custom_padding_last_edited=&#8221;on|phone&#8221; global_colors_info=&#8221;{}&#8221;][et_pb_blurb use_icon=&#8221;on&#8221; font_icon=&#8221;&#xe01d;||divi||400&#8243; icon_color=&#8221;#000000&#8243; icon_placement=&#8221;left&#8221; content_max_width=&#8221;100%&#8221; _builder_version=&#8221;4.16&#8243; _module_preset=&#8221;default&#8221; body_font=&#8221;|600|||||||&#8221; body_text_color=&#8221;#000000&#8243; body_font_size=&#8221;16px&#8221; body_link_text_color=&#8221;#000000&#8243; image_icon_custom_margin_tablet=&#8221;&#8221; image_icon_custom_margin_phone=&#8221;|||80px|false|false&#8221; image_icon_custom_margin_last_edited=&#8221;on|phone&#8221; custom_padding=&#8221;||||false|false&#8221; custom_padding_tablet=&#8221;||||false|false&#8221; custom_padding_phone=&#8221;|||80px|false|false&#8221; custom_padding_last_edited=&#8221;on|phone&#8221; global_colors_info=&#8221;{}&#8221;]<\/p>\n<p><strong>Where to find us:<\/strong><br \/><span>Rynek Manufaktury<\/span><span>, <\/span><\/p>\n<p><span><a href=\"https:\/\/g.page\/aldenteldz?share\" target=\"_blank\" rel=\"noopener noreferrer\">Ogrodowa 19A, 91-065 \u0141\u00f3d\u017a<\/a><\/span><\/p>\n<p>[\/et_pb_blurb][et_pb_blurb use_icon=&#8221;on&#8221; font_icon=&#8221;&#xe090;||divi||400&#8243; icon_color=&#8221;#000000&#8243; icon_placement=&#8221;left&#8221; content_max_width=&#8221;100%&#8221; _builder_version=&#8221;4.16&#8243; _module_preset=&#8221;default&#8221; body_font=&#8221;|600|||||||&#8221; body_text_color=&#8221;#000000&#8243; body_font_size=&#8221;16px&#8221; body_link_text_color=&#8221;#000000&#8243; image_icon_custom_margin_tablet=&#8221;&#8221; image_icon_custom_margin_phone=&#8221;|||80px|false|false&#8221; image_icon_custom_margin_last_edited=&#8221;on|phone&#8221; custom_padding=&#8221;||||false|false&#8221; custom_padding_tablet=&#8221;||||false|false&#8221; custom_padding_phone=&#8221;|||80px|false|false&#8221; custom_padding_last_edited=&#8221;on|phone&#8221; global_colors_info=&#8221;{}&#8221;]<\/p>\n<p><strong>Call:<\/strong><br \/><a href=\"tel:.42%20630%2088%2011\">+ 48 42 630 88 11<\/a><\/p>\n<p>[\/et_pb_blurb][et_pb_blurb use_icon=&#8221;on&#8221; font_icon=&#8221;&#xe00d;||divi||400&#8243; icon_color=&#8221;#000000&#8243; icon_placement=&#8221;left&#8221; content_max_width=&#8221;100%&#8221; _builder_version=&#8221;4.16&#8243; _module_preset=&#8221;default&#8221; body_font=&#8221;|600|||||||&#8221; body_text_color=&#8221;#000000&#8243; body_font_size=&#8221;16px&#8221; body_link_text_color=&#8221;#000000&#8243; image_icon_custom_margin_tablet=&#8221;&#8221; image_icon_custom_margin_phone=&#8221;|||80px|false|false&#8221; image_icon_custom_margin_last_edited=&#8221;on|phone&#8221; custom_padding=&#8221;||||false|false&#8221; custom_padding_tablet=&#8221;||||false|false&#8221; custom_padding_phone=&#8221;|||80px|false|false&#8221; custom_padding_last_edited=&#8221;on|phone&#8221; global_colors_info=&#8221;{}&#8221;]<\/p>\n<p><strong>Email:<\/strong><br \/><a href=\"mailto:biuro@aldente.com.pl\">biuro@aldente.com.pl<\/a><\/p>\n<p>[\/et_pb_blurb][et_pb_social_media_follow _builder_version=&#8221;4.16&#8243; _module_preset=&#8221;default&#8221; text_orientation=&#8221;center&#8221; global_colors_info=&#8221;{}&#8221;][et_pb_social_media_follow_network social_network=&#8221;facebook&#8221; _builder_version=&#8221;4.16&#8243; _module_preset=&#8221;default&#8221; background_color=&#8221;#3b5998&#8243; global_colors_info=&#8221;{}&#8221; follow_button=&#8221;off&#8221; url_new_window=&#8221;on&#8221;]facebook[\/et_pb_social_media_follow_network][et_pb_social_media_follow_network social_network=&#8221;instagram&#8221; _builder_version=&#8221;4.16&#8243; _module_preset=&#8221;default&#8221; background_color=&#8221;#ea2c59&#8243; global_colors_info=&#8221;{}&#8221; follow_button=&#8221;off&#8221; url_new_window=&#8221;on&#8221;]instagram[\/et_pb_social_media_follow_network][\/et_pb_social_media_follow][et_pb_blurb url=&#8221;https:\/\/www.tripadvisor.com\/Restaurant_Review-g274837-d21034411-Reviews-Al_Dente_Pasta_Prosecco_Bar-Lodz_Lodz_Province_Central_Poland.html&#8221; url_new_window=&#8221;on&#8221; image=&#8221;https:\/\/aldente.com.pl\/wp-content\/uploads\/2021\/12\/tripadvisor-logo-6939149F8F-seeklogo.com_.png&#8221; image_icon_width=&#8221;68%&#8221; content_max_width=&#8221;100%&#8221; _builder_version=&#8221;4.16&#8243; _module_preset=&#8221;default&#8221; body_font=&#8221;|600|||||||&#8221; body_text_color=&#8221;rgba(255,207,154,0.7)&#8221; body_font_size=&#8221;16px&#8221; body_link_text_color=&#8221;#ffebd6&#8243; background_enable_color=&#8221;off&#8221; global_colors_info=&#8221;{}&#8221;][\/et_pb_blurb][\/et_pb_column][et_pb_column type=&#8221;1_4&#8243; _builder_version=&#8221;4.16&#8243; custom_padding=&#8221;6%||||false|false&#8221; custom_padding_tablet=&#8221;0px||||false|false&#8221; custom_padding_phone=&#8221;&#8221; custom_padding_last_edited=&#8221;on|phone&#8221; global_colors_info=&#8221;{}&#8221;][et_pb_text content_tablet=&#8221;<\/p>\n<h2 style=%22text-align: left;%22><strong>Restaurant opening hours:<\/strong><\/h2>\n<p style=%22text-align: left;%22>Monday: 11:00 AM &#8211; 10:00 PM<br \/>Tuesday: 11:00 AM &#8211; 10:00 PM<br \/>Wednesday: 11:00 AM \u2013 10:00 PM<br \/>Thursday: 11:00 AM \u2013 10:00 PM<br \/>Friday: 11:00 AM \u2013 11:00 PM<br \/>Saturday: 11:00 AM \u2013 11:00 PM<br \/>Sunday: 11:00 AM \u2013 10:00 PM<\/p>\n<p>&#8221; content_phone=&#8221;<\/p>\n<h2 style=%22text-align: center;%22><strong>Restaurant opening hours:<\/strong><\/h2>\n<p style=%22text-align: center;%22>Monday: 11:00 AM &#8211; 10:00 PM<br \/>Tuesday: 11:00 AM &#8211; 10:00 PM<br \/>Wednesday: 11:00 AM \u2013 10:00 PM<br \/>Thursday: 11:00 AM \u2013 10:00 PM<br \/>Friday: 11:00 AM \u2013 11:00 PM<br \/>Saturday: 11:00 AM \u2013 11:00 PM<br \/>Sunday: 11:00 AM \u2013 10:00 PM<\/p>\n<p>&#8221; content_last_edited=&#8221;on|phone&#8221; _builder_version=&#8221;4.16&#8243; text_text_color=&#8221;#000000&#8243; text_font_size=&#8221;16px&#8221; text_line_height=&#8221;1.8em&#8221; header_2_font=&#8221;||||||||&#8221; header_2_text_color=&#8221;#000000&#8243; header_2_font_size=&#8221;20px&#8221; header_2_line_height=&#8221;1.2em&#8221; header_6_font=&#8221;|700||on|||||&#8221; header_6_text_color=&#8221;#ffcf9a&#8221; header_6_letter_spacing=&#8221;2px&#8221; header_6_line_height=&#8221;1.2em&#8221; background_layout=&#8221;dark&#8221; max_width=&#8221;550px&#8221; header_2_font_size_tablet=&#8221;40px&#8221; header_2_font_size_phone=&#8221;30px&#8221; header_2_font_size_last_edited=&#8221;on|phone&#8221; locked=&#8221;off&#8221; global_colors_info=&#8221;{}&#8221;]<\/p>\n<h2 style=\"text-align: left;\"><strong>Restaurant opening hours:<\/strong><\/h2>\n<p style=\"text-align: left;\">Monday: 11:00 AM &#8211; 10:00 PM<br \/>Tuesday: 11:00 AM &#8211; 10:00 PM<br \/>Wednesday: 11:00 AM \u2013 10:00 PM<br \/>Thursday: 11:00 AM \u2013 11:00 PM<br \/>Friday: 11:00 AM \u2013 11:00 PM<br \/>Saturday: 11:00 AM \u2013 11:00 PM<br \/>Sunday: 11:00 AM \u2013 10:00 PM<\/p>\n<p>[\/et_pb_text][\/et_pb_column][et_pb_column type=&#8221;1_2&#8243; _builder_version=&#8221;4.16&#8243; border_width_all=&#8221;2px&#8221; border_color_all=&#8221;#ffcf9a&#8221; global_colors_info=&#8221;{}&#8221;][et_pb_image src=&#8221;https:\/\/aldente.com.pl\/wp-content\/uploads\/2022\/01\/Do-ostatniej-strony-2.jpg&#8221; title_text=&#8221;Do ostatniej strony 2&#8243; align=&#8221;center&#8221; _builder_version=&#8221;4.16&#8243; z_index=&#8221;0&#8243; max_width=&#8221;95%&#8221; max_width_phone=&#8221;150px&#8221; max_width_last_edited=&#8221;off|desktop&#8221; custom_margin=&#8221;30px|-30px|30px|-30px|true|true&#8221; locked=&#8221;off&#8221; global_colors_info=&#8221;{}&#8221;][\/et_pb_image][\/et_pb_column][\/et_pb_row][et_pb_row column_structure=&#8221;3_5,2_5&#8243; disabled_on=&#8221;on|on|on&#8221; _builder_version=&#8221;4.16&#8243; custom_margin=&#8221;60px||60px||true|false&#8221; disabled=&#8221;on&#8221; global_colors_info=&#8221;{}&#8221;][et_pb_column type=&#8221;3_5&#8243; _builder_version=&#8221;4.16&#8243; transform_scale_tablet=&#8221;&#8221; transform_scale_phone=&#8221;&#8221; transform_scale_last_edited=&#8221;on|desktop&#8221; transform_translate_tablet=&#8221;30px|0px&#8221; transform_translate_phone=&#8221;20px|0px&#8221; transform_translate_last_edited=&#8221;on|phone&#8221; transform_translate_linked_tablet=&#8221;off&#8221; transform_rotate_tablet=&#8221;&#8221; transform_rotate_phone=&#8221;&#8221; transform_rotate_last_edited=&#8221;on|desktop&#8221; transform_skew_tablet=&#8221;&#8221; transform_skew_phone=&#8221;&#8221; transform_skew_last_edited=&#8221;on|desktop&#8221; transform_origin_tablet=&#8221;&#8221; transform_origin_phone=&#8221;&#8221; transform_origin_last_edited=&#8221;on|desktop&#8221; transform_styles_last_edited=&#8221;on|phone&#8221; transform_styles_tablet=&#8221;&#8221; transform_styles_phone=&#8221;&#8221; border_width_all=&#8221;2px&#8221; border_color_all=&#8221;#ffcf9a&#8221; global_colors_info=&#8221;{}&#8221;][et_pb_contact_form captcha=&#8221;off&#8221; title=&#8221;Do\u0142\u0105cz do newslettera, dowiedz si\u0119 pierwszy o nowo\u015bciach i promocjach &#8221; _builder_version=&#8221;4.16&#8243; _unique_id=&#8221;74658dcb-6ef5-4319-a824-81a6c08ed28c&#8221; form_field_background_color=&#8221;rgba(0,0,0,0)&#8221; form_field_text_color=&#8221;#160b00&#8243; title_level=&#8221;h4&#8243; title_font=&#8221;|700|||||||&#8221; title_font_size=&#8221;20px&#8221; form_field_font=&#8221;|600|||||||&#8221; background_color=&#8221;#ffcf9a&#8221; background_image=&#8221;https:\/\/aldente.com.pl\/wp-content\/uploads\/2021\/12\/bar-01.png&#8221; background_size=&#8221;initial&#8221; background_repeat=&#8221;repeat&#8221; custom_button=&#8221;on&#8221; button_text_size=&#8221;14px&#8221; button_text_color=&#8221;#000000&#8243; button_border_color=&#8221;#000000&#8243; button_border_radius=&#8221;0px&#8221; button_letter_spacing=&#8221;2px&#8221; button_font=&#8221;Montserrat|700||on|||||&#8221; button_custom_margin=&#8221;30px||||false|false&#8221; button_custom_padding=&#8221;15px|25px|15px|25px|true|true&#8221; transform_scale_tablet=&#8221;&#8221; transform_scale_phone=&#8221;&#8221; transform_scale_last_edited=&#8221;on|desktop&#8221; transform_translate=&#8221;39px|39px&#8221; transform_translate_tablet=&#8221;-30px|-30px&#8221; transform_translate_phone=&#8221;-20px|-20px&#8221; transform_translate_last_edited=&#8221;on|phone&#8221; transform_rotate_tablet=&#8221;&#8221; transform_rotate_phone=&#8221;&#8221; transform_rotate_last_edited=&#8221;on|desktop&#8221; transform_skew_tablet=&#8221;&#8221; transform_skew_phone=&#8221;&#8221; transform_skew_last_edited=&#8221;on|desktop&#8221; transform_origin_tablet=&#8221;&#8221; transform_origin_phone=&#8221;&#8221; transform_origin_last_edited=&#8221;on|desktop&#8221; transform_styles_last_edited=&#8221;on|phone&#8221; custom_padding=&#8221;60px|60px|60px|60px|true|true&#8221; custom_padding_tablet=&#8221;50px|50px|50px|50px|true|true&#8221; custom_padding_phone=&#8221;30px|30px|30px|30px|true|true&#8221; custom_padding_last_edited=&#8221;on|tablet&#8221; title_font_size_tablet=&#8221;24px&#8221; title_font_size_phone=&#8221;20px&#8221; title_font_size_last_edited=&#8221;on|phone&#8221; button_text_color_last_edited=&#8221;off|desktop&#8221; transform_styles_tablet=&#8221;&#8221; transform_styles_phone=&#8221;&#8221; border_width_all=&#8221;2px&#8221; border_color_all=&#8221;#160b00&#8243; global_colors_info=&#8221;{}&#8221; button_text_color__hover=&#8221;#ffcf9a&#8221; button_text_color__hover_enabled=&#8221;on&#8221; button_bg_color__hover=&#8221;#160b00&#8243; button_bg_color__hover_enabled=&#8221;on&#8221; button_bg_enable_color__hover=&#8221;on&#8221;][et_pb_contact_field field_id=&#8221;Email&#8221; field_title=&#8221;Email &#8221; field_type=&#8221;email&#8221; fullwidth_field=&#8221;on&#8221; _builder_version=&#8221;4.16&#8243; global_colors_info=&#8221;{}&#8221; button_text_size__hover_enabled=&#8221;off&#8221; button_one_text_size__hover_enabled=&#8221;off&#8221; button_two_text_size__hover_enabled=&#8221;off&#8221; button_text_color__hover_enabled=&#8221;off&#8221; button_one_text_color__hover_enabled=&#8221;off&#8221; button_two_text_color__hover_enabled=&#8221;off&#8221; button_border_width__hover_enabled=&#8221;off&#8221; button_one_border_width__hover_enabled=&#8221;off&#8221; button_two_border_width__hover_enabled=&#8221;off&#8221; button_border_color__hover_enabled=&#8221;off&#8221; button_one_border_color__hover_enabled=&#8221;off&#8221; button_two_border_color__hover_enabled=&#8221;off&#8221; button_border_radius__hover_enabled=&#8221;off&#8221; button_one_border_radius__hover_enabled=&#8221;off&#8221; button_two_border_radius__hover_enabled=&#8221;off&#8221; button_letter_spacing__hover_enabled=&#8221;off&#8221; button_one_letter_spacing__hover_enabled=&#8221;off&#8221; button_two_letter_spacing__hover_enabled=&#8221;off&#8221; button_bg_color__hover_enabled=&#8221;off&#8221; button_one_bg_color__hover_enabled=&#8221;off&#8221; button_two_bg_color__hover_enabled=&#8221;off&#8221;][\/et_pb_contact_field][\/et_pb_contact_form][\/et_pb_column][et_pb_column type=&#8221;2_5&#8243; _builder_version=&#8221;4.16&#8243; global_colors_info=&#8221;{}&#8221;][et_pb_image src=&#8221;https:\/\/aldente.com.pl\/wp-content\/uploads\/2021\/12\/al_dente_logo_RGB-kopia.png&#8221; title_text=&#8221;al_dente_logo_RGB kopia&#8221; align=&#8221;center&#8221; _builder_version=&#8221;4.16&#8243; module_alignment=&#8221;center&#8221; height=&#8221;214px&#8221; custom_margin_tablet=&#8221;0px||0px|0px|false|false&#8221; custom_margin_last_edited=&#8221;off|phone&#8221; global_colors_info=&#8221;{}&#8221;][\/et_pb_image][\/et_pb_column][\/et_pb_row][et_pb_row _builder_version=&#8221;4.16&#8243; _module_preset=&#8221;default&#8221; width=&#8221;100%&#8221; max_width=&#8221;100%&#8221; custom_margin=&#8221;0px||0px||true|false&#8221; custom_padding=&#8221;0px||0px||true|false&#8221; global_colors_info=&#8221;{}&#8221;][et_pb_column type=&#8221;4_4&#8243; _builder_version=&#8221;4.16&#8243; _module_preset=&#8221;default&#8221; global_colors_info=&#8221;{}&#8221;][et_pb_code _builder_version=&#8221;4.16&#8243; _module_preset=&#8221;default&#8221; global_colors_info=&#8221;{}&#8221;]<iframe src=\"https:\/\/www.google.com\/maps\/embed?pb=!1m18!1m12!1m3!1d2423.4698500432487!2d19.447200374186263!3d51.7795154030352!2m3!1f0!2f0!3f0!3m2!1i1024!2i768!4f13.1!3m3!1m2!1s0x471bcb1a2d8f6a27%3A0xc5e67f9bf105d0a3!2sAl%20Dente%20Pasta%20%26%20Prosecco%20Bar!5e1!3m2!1spl!2spl!4v1640800421546!5m2!1spl!2spl\" width=\"100%\" height=\"250\" style=\"border:0;\" allowfullscreen=\"\" loading=\"lazy\"><\/iframe>[\/et_pb_code][\/et_pb_column][\/et_pb_row][\/et_pb_section]<\/p>\n","protected":false},"excerpt":{"rendered":"<p>ContactWhere to find us:Rynek Manufaktury, Ogrodowa 19A, 91-065 \u0141\u00f3d\u017aCall:+ 48 42 630 88 11Email:biuro@aldente.com.plRestaurant opening hours: Monday: 11:00 AM &#8211; 10:00 PMTuesday: 11:00 AM &#8211; 10:00 PMWednesday: 11:00 AM \u2013 10:00 PMThursday: 11:00 AM \u2013 11:00 PMFriday: 11:00 AM \u2013 11:00 PMSaturday: 11:00 AM \u2013 11:00 PMSunday: 11:00 AM \u2013 10:00 PM<\/p>\n","protected":false},"author":2,"featured_media":0,"parent":0,"menu_order":0,"comment_status":"closed","ping_status":"closed","template":"","meta":{"_et_pb_use_builder":"on","_et_pb_old_content":"","_et_gb_content_width":"","footnotes":""},"class_list":["post-356151","page","type-page","status-publish","hentry"],"_links":{"self":[{"href":"https:\/\/aldente.com.pl\/en\/wp-json\/wp\/v2\/pages\/356151","targetHints":{"allow":["GET"]}}],"collection":[{"href":"https:\/\/aldente.com.pl\/en\/wp-json\/wp\/v2\/pages"}],"about":[{"href":"https:\/\/aldente.com.pl\/en\/wp-json\/wp\/v2\/types\/page"}],"author":[{"embeddable":true,"href":"https:\/\/aldente.com.pl\/en\/wp-json\/wp\/v2\/users\/2"}],"replies":[{"embeddable":true,"href":"https:\/\/aldente.com.pl\/en\/wp-json\/wp\/v2\/comments?post=356151"}],"version-history":[{"count":0,"href":"https:\/\/aldente.com.pl\/en\/wp-json\/wp\/v2\/pages\/356151\/revisions"}],"wp:attachment":[{"href":"https:\/\/aldente.com.pl\/en\/wp-json\/wp\/v2\/media?parent=356151"}],"curies":[{"name":"wp","href":"https:\/\/api.w.org\/{rel}","templated":true}]}}